{"id":46,"date":"2018-07-24T11:19:07","date_gmt":"2018-07-24T11:19:07","guid":{"rendered":"http:\/\/aat.ase.ro\/?page_id=46"},"modified":"2020-07-08T10:05:11","modified_gmt":"2020-07-08T10:05:11","slug":"despre","status":"publish","type":"page","link":"https:\/\/aat.ase.ro\/index.php\/despre\/","title":{"rendered":"Despre"},"content":{"rendered":"<div id=\"pl-46\"  class=\"panel-layout\" ><div id=\"pg-46-0\"  class=\"panel-grid panel-no-style\" ><div id=\"pgc-46-0-0\"  class=\"panel-grid-cell\" ><div id=\"panel-46-0-0-0\" class=\"so-panel widget widget_sow-editor panel-first-child panel-last-child\" data-index=\"0\" ><div\n\t\t\t\n\t\t\tclass=\"so-widget-sow-editor so-widget-sow-editor-base\"\n\t\t\t\n\t\t>\n<div class=\"siteorigin-widget-tinymce textwidget\">\n\t<p><strong>MISIUNEA PROGRAMULUI<\/strong><\/p>\n<p>Formarea speciali\u015ftilor cu \u00eenalt\u0103 preg\u0103tire \u00een domeniul managementului turismului capabili s\u0103 ia decizii \u015fi s\u0103 stabileasc\u0103 strategii pentru dezvoltarea acestei activit\u0103\u0163i, av\u00e2nd \u00een vedere:<\/p>\n<ul>\n<li>perspectivele turismului \u00een \u0163ara noastr\u0103<\/li>\n<li>existen\u0163a unui num\u0103r mare de \u00eentreprinderi mici \u015fi mijlocii de turism<\/li>\n<li>accentuarea concuren\u0163ei pe pia\u0163a turistic\u0103, rezultat al integr\u0103rii europene<\/li>\n<\/ul>\n<p>&nbsp;<\/p>\n<p>Punerea la \u00eendem\u00e2na cursan\u0163ilor de cuno\u015ftin\u0163e manageriale \u015fi de specialitate precum \u015fi a unui instrumentar de lucru necesar implic\u0103rii active \u00een proiectele de dezvoltare \u015fi promovare a turismului.<\/p>\n<p>&nbsp;<\/p>\n<p><strong>OBIECTIVELE PROGRAMULUI<\/strong><\/p>\n<ul>\n<li>Preg\u0103tirea specific\u0103 \u015fi multidisciplinar\u0103 a celor care activeaz\u0103 pe diverse paliere \u00een desf\u0103\u015furarea activit\u0103\u0163ii turistice<\/li>\n<li>Crearea unui corp de speciali\u015fti bine preg\u0103ti\u0163i \u00een domeniu \u00een vederea stimul\u0103rii turismului \u015fi cre\u015fterii competitivit\u0103\u0163ii acestuia la nivel european \u015fi mondial<\/li>\n<\/ul>\n<p>&nbsp;<\/p>\n<p><strong>CALIFIC\u0102RI ASIGURATE<\/strong><\/p>\n<p><strong>competen\u0163e generale \u015fi profesionale dezvoltate \u00een cadrul specializ\u0103rii:<\/strong><\/p>\n<p><strong>competen\u0163e generale:<\/strong><\/p>\n<ul>\n<li>Capacit\u0103\u0163i economice fundamentale: fler economic, spirit de afaceri, sim\u0163ul riscului, spirit organizatoric<\/li>\n<li>Capacitatea de a \u00eenv\u0103\u0163a si de a aplica \u00een practic\u0103 cuno\u015ftin\u0163ele teoretice<\/li>\n<li>Capacitatea de a lucra \u00een mod autonom ca si aceea de a lucra \u00een echip\u0103 \u015fi de a coordona grupuri<\/li>\n<li>Capacitate de comunicare scris\u0103 \u015fi oral\u0103 si de folosire curent\u0103 a unei limbi str\u0103ine, utiliz\u00e2nd calculatorul<\/li>\n<li>Preocupare pentru calitate superioar\u0103 \u015fi atitudine etic\u0103<\/li>\n<\/ul>\n<p><strong>\u00a0competen\u0163e profesionale:<\/strong><\/p>\n<ul>\n<li>Conducerea eficient\u0103 a unei societ\u0103\u0163i comerciale (comer\u0163, turism, servicii) \u015fi consultan\u0163\u0103 specific\u0103;<\/li>\n<li>Proiectarea \u015fi desf\u0103\u015furarea de ac\u0163iuni eficace \u00eentr-o organiza\u0163ie, la nivelul unui compartiment economic: aprovizionare, desfacere, licitatii, marketing, logistic\u0103, expedi\u0163ii-transport, publicitate, rela\u0163ii publice, calitate (standardizare, audit, evaluarea conformit\u0103\u0163ii, asigurarea \u015fi controlul calit\u0103\u0163ii)<\/li>\n<li>Evaluarea \u015fi expertizarea calit\u0103\u0163ii produselor, serviciilor \u015fi proceselor<\/li>\n<li>Intermedierea afacerilor \u00een domeniul comercial \u015fi angajarea de rela\u0163ii profesionale profitabile<\/li>\n<li>Diseminarea informa\u0163iilor de specialitate \u00een activit\u0103\u0163i specifice de \u00eenv\u0103\u0163\u0103m\u00e2nt, training \u015fi pres\u0103<\/li>\n<\/ul>\n<p>Cercetarea domeniului economic \u015fi a rela\u0163iilor conexe \u015fi redactarea de rapoarte de cercetare<\/p>\n<p><strong>COMPETEN\u0162E SPECIFICE:<\/strong><\/p>\n<ul>\n<li>Elaborerea de produse turistice complexe de tipul pachetelor (all inclusive) de factur\u0103 general\u0103 \u015fi specializate ;<\/li>\n<li>Organizarea \u015fi\u00a0 comercializarea vacan\u0163elor;<\/li>\n<li>Organizarea diverselor evenimente specifice turismului de afaceri;<\/li>\n<li>Organizarea selec\u0163iei \u015fi recrutarii personalului;<\/li>\n<li>Evaluarea unei firme de turism;<\/li>\n<li>Proiectearea \u015fi organizarea desf\u0103\u015furarea ciclului produc\u0163iei turistice;<\/li>\n<li>Realizarea de studii de fezabilitate, planuri de afaceri, analize PEST \u015fi SWOT utile fundament\u0103rii deciziilor \u00een activitatea firmelor de turism.<\/li>\n<\/ul>\n<p>&nbsp;<\/p>\n<p><strong>Ocupa\u021bii (grupe) de baz\u0103 din COR 2011, actualizat:<\/strong><\/p>\n<ul>\n<li>1411 Conduc\u0103tori de unit\u0103\u021bi hoteliere;<\/li>\n<li>1412 Conduc\u0103tori de restaurante;<\/li>\n<li>1439 Conduc\u0103tori ai altor tipuri de unit\u0103\u021bi de servicii neclasifica\u021bi \u00een grupele de baz\u0103 anterioare, precum: 143907 Conduc\u0103tor de \u00eentreprindere mic\u0103 \u2013 patron (girant) \u00een turism, 143908 Manager \u00een activitatea de turism, 143909 Director de agen\u0163ie de turism tour-operatoare\/ detailist\u0103\/ filial\u0103\/ sucursal\u0103, 143910 Director centru informare turistic\u0103, 143911 Director de departament organizare evenimente, 143912 Conduc\u0103tor de pensiune turistic\u0103 (rural\u0103, agroturistic\u0103, montan\u0103);<\/li>\n<li>2330 Profesori \u00een \u00eenv\u0103\u021b\u0103m\u00e2ntul secundar;<\/li>\n<li>2631 Economi\u0219ti.<\/li>\n<\/ul>\n<\/div>\n<\/div><\/div><\/div><\/div><\/div>","protected":false},"excerpt":{"rendered":"<p>MISIUNEA PROGRAMULUI Formarea speciali\u015ftilor cu \u00eenalt\u0103 preg\u0103tire \u00een domeniul managementului turismului capabili s\u0103 ia decizii \u015fi s\u0103 stabileasc\u0103 strategii pentru dezvoltarea acestei activit\u0103\u0163i, av\u00e2nd \u00een vedere: perspectivele turismului \u00een \u0163ara noastr\u0103 existen\u0163a unui num\u0103r mare de \u00eentreprinderi mici \u015fi mijlocii<\/p>\n","protected":false},"author":1,"featured_media":0,"parent":0,"menu_order":0,"comment_status":"closed","ping_status":"closed","template":"","meta":{"footnotes":""},"class_list":["post-46","page","type-page","status-publish","hentry"],"_links":{"self":[{"href":"https:\/\/aat.ase.ro\/index.php\/wp-json\/wp\/v2\/pages\/46","targetHints":{"allow":["GET"]}}],"collection":[{"href":"https:\/\/aat.ase.ro\/index.php\/wp-json\/wp\/v2\/pages"}],"about":[{"href":"https:\/\/aat.ase.ro\/index.php\/wp-json\/wp\/v2\/types\/page"}],"author":[{"embeddable":true,"href":"https:\/\/aat.ase.ro\/index.php\/wp-json\/wp\/v2\/users\/1"}],"replies":[{"embeddable":true,"href":"https:\/\/aat.ase.ro\/index.php\/wp-json\/wp\/v2\/comments?post=46"}],"version-history":[{"count":6,"href":"https:\/\/aat.ase.ro\/index.php\/wp-json\/wp\/v2\/pages\/46\/revisions"}],"predecessor-version":[{"id":145,"href":"https:\/\/aat.ase.ro\/index.php\/wp-json\/wp\/v2\/pages\/46\/revisions\/145"}],"wp:attachment":[{"href":"https:\/\/aat.ase.ro\/index.php\/wp-json\/wp\/v2\/media?parent=46"}],"curies":[{"name":"wp","href":"https:\/\/api.w.org\/{rel}","templated":true}]}}